{"id":142,"date":"2025-06-13T09:08:22","date_gmt":"2025-06-13T09:08:22","guid":{"rendered":"http:\/\/www.bbtaltyapi.com\/?page_id=142"},"modified":"2025-06-13T18:01:40","modified_gmt":"2025-06-13T18:01:40","slug":"antakya-bordur-isi-ve-ustyapi-isi","status":"publish","type":"page","link":"https:\/\/www.bbtaltyapi.com\/?page_id=142","title":{"rendered":"Antakya Bord\u00fcr \u0130\u015fi Ve \u00dcstyap\u0131 \u0130\u015fi"},"content":{"rendered":"\n<div class=\"wp-block-columns animated animated-fadeInUp is-layout-flex wp-container-core-columns-is-layout-97d981de wp-block-columns-is-layout-flex\">\n<div class=\"wp-block-column is-layout-flow wp-block-column-is-layout-flow\" style=\"flex-basis:100%\">\n<div class=\"wp-block-group is-vertical is-content-justification-center is-layout-flex wp-container-core-group-is-layout-3247a97c wp-block-group-is-layout-flex\" style=\"border-radius:6px;margin-top:15px;margin-bottom:15px\">\n<h4 class=\"wp-block-heading has-vivid-cyan-blue-color has-text-color has-link-color wp-elements-5e8f41413a5bce95ec17cc5f538ae327\" style=\"padding-top:0;padding-bottom:var(--wp--preset--spacing--large);letter-spacing:-0.02em;line-height:1.2\">Antakya Bord\u00fcr \u0130\u015fi Ve \u00dcstyap\u0131 \u0130\u015fi<\/h4>\n\n\n\n<div class=\"alignnormal\"><div id=\"metaslider-id-143\" style=\"max-width: 1000px; margin: 0 auto;\" class=\"ml-slider-3-106-0 metaslider metaslider-flex metaslider-143 ml-slider has-dots-nav ms-theme-default-base\" role=\"region\" aria-label=\"antakya-bordur-isi\" data-height=\"500\" data-width=\"1000\">\n    <div id=\"metaslider_container_143\">\n        <div id=\"metaslider_143\">\n            <ul class='slides'>\n                <li style=\"display: block; width: 100%;\" class=\"slide-145 ms-image \" aria-roledescription=\"slide\" data-date=\"2025-06-13 09:03:52\" data-filename=\"8c0f8837-e00e-4dfa-b633-ca30dae83818.png\" data-slide-type=\"image\"><img loading=\"lazy\" decoding=\"async\" width=\"1200\" height=\"1600\" src=\"https:\/\/www.bbtaltyapi.com\/wp-content\/uploads\/2025\/06\/8c0f8837-e00e-4dfa-b633-ca30dae83818.png\" class=\"slider-143 slide-145 msDefaultImage\" alt=\"\" rel=\"\" title=\"8c0f8837-e00e-4dfa-b633-ca30dae83818\" style=\"margin: 0 auto; width: 37.5%\" srcset=\"https:\/\/www.bbtaltyapi.com\/wp-content\/uploads\/2025\/06\/8c0f8837-e00e-4dfa-b633-ca30dae83818.png 1200w, https:\/\/www.bbtaltyapi.com\/wp-content\/uploads\/2025\/06\/8c0f8837-e00e-4dfa-b633-ca30dae83818-225x300.png 225w, https:\/\/www.bbtaltyapi.com\/wp-content\/uploads\/2025\/06\/8c0f8837-e00e-4dfa-b633-ca30dae83818-768x1024.png 768w, https:\/\/www.bbtaltyapi.com\/wp-content\/uploads\/2025\/06\/8c0f8837-e00e-4dfa-b633-ca30dae83818-1152x1536.png 1152w\" sizes=\"auto, (max-width: 1200px) 100vw, 1200px\" \/><\/li>\n                <li style=\"display: none; width: 100%;\" class=\"slide-147 ms-image \" aria-roledescription=\"slide\" data-date=\"2025-06-13 09:04:48\" data-filename=\"9691cc26-62e8-4987-a4a1-55da008e5c02.png\" data-slide-type=\"image\"><img loading=\"lazy\" decoding=\"async\" width=\"2000\" height=\"1500\" src=\"https:\/\/www.bbtaltyapi.com\/wp-content\/uploads\/2025\/06\/9691cc26-62e8-4987-a4a1-55da008e5c02.png\" class=\"slider-143 slide-147 msDefaultImage\" alt=\"\" rel=\"\" title=\"9691cc26-62e8-4987-a4a1-55da008e5c02\" style=\"margin: 0 auto; width: 66.666666666667%\" srcset=\"https:\/\/www.bbtaltyapi.com\/wp-content\/uploads\/2025\/06\/9691cc26-62e8-4987-a4a1-55da008e5c02.png 2000w, https:\/\/www.bbtaltyapi.com\/wp-content\/uploads\/2025\/06\/9691cc26-62e8-4987-a4a1-55da008e5c02-300x225.png 300w, https:\/\/www.bbtaltyapi.com\/wp-content\/uploads\/2025\/06\/9691cc26-62e8-4987-a4a1-55da008e5c02-1024x768.png 1024w, https:\/\/www.bbtaltyapi.com\/wp-content\/uploads\/2025\/06\/9691cc26-62e8-4987-a4a1-55da008e5c02-768x576.png 768w, https:\/\/www.bbtaltyapi.com\/wp-content\/uploads\/2025\/06\/9691cc26-62e8-4987-a4a1-55da008e5c02-1536x1152.png 1536w\" sizes=\"auto, (max-width: 2000px) 100vw, 2000px\" \/><\/li>\n                <li style=\"display: none; width: 100%;\" class=\"slide-148 ms-image \" aria-roledescription=\"slide\" data-date=\"2025-06-13 09:04:48\" data-filename=\"3947913b-6c58-4525-b250-62d824b9126c.png\" data-slide-type=\"image\"><img loading=\"lazy\" decoding=\"async\" width=\"1500\" height=\"2000\" src=\"https:\/\/www.bbtaltyapi.com\/wp-content\/uploads\/2025\/06\/3947913b-6c58-4525-b250-62d824b9126c.png\" class=\"slider-143 slide-148 msDefaultImage\" alt=\"\" rel=\"\" title=\"3947913b-6c58-4525-b250-62d824b9126c\" style=\"margin: 0 auto; width: 37.5%\" srcset=\"https:\/\/www.bbtaltyapi.com\/wp-content\/uploads\/2025\/06\/3947913b-6c58-4525-b250-62d824b9126c.png 1500w, https:\/\/www.bbtaltyapi.com\/wp-content\/uploads\/2025\/06\/3947913b-6c58-4525-b250-62d824b9126c-225x300.png 225w, https:\/\/www.bbtaltyapi.com\/wp-content\/uploads\/2025\/06\/3947913b-6c58-4525-b250-62d824b9126c-768x1024.png 768w, https:\/\/www.bbtaltyapi.com\/wp-content\/uploads\/2025\/06\/3947913b-6c58-4525-b250-62d824b9126c-1152x1536.png 1152w\" sizes=\"auto, (max-width: 1500px) 100vw, 1500px\" \/><\/li>\n                <li style=\"display: none; width: 100%;\" class=\"slide-150 ms-image \" aria-roledescription=\"slide\" data-date=\"2025-06-13 09:05:34\" data-filename=\"97c52b9e-eed1-4653-91da-c2eee67bd2b4.png\" data-slide-type=\"image\"><img loading=\"lazy\" decoding=\"async\" width=\"1600\" height=\"721\" src=\"https:\/\/www.bbtaltyapi.com\/wp-content\/uploads\/2025\/06\/97c52b9e-eed1-4653-91da-c2eee67bd2b4.png\" class=\"slider-143 slide-150 msDefaultImage\" alt=\"\" rel=\"\" title=\"97c52b9e-eed1-4653-91da-c2eee67bd2b4\" style=\"margin-top: 2.46875%\" srcset=\"https:\/\/www.bbtaltyapi.com\/wp-content\/uploads\/2025\/06\/97c52b9e-eed1-4653-91da-c2eee67bd2b4.png 1600w, https:\/\/www.bbtaltyapi.com\/wp-content\/uploads\/2025\/06\/97c52b9e-eed1-4653-91da-c2eee67bd2b4-300x135.png 300w, https:\/\/www.bbtaltyapi.com\/wp-content\/uploads\/2025\/06\/97c52b9e-eed1-4653-91da-c2eee67bd2b4-1024x461.png 1024w, https:\/\/www.bbtaltyapi.com\/wp-content\/uploads\/2025\/06\/97c52b9e-eed1-4653-91da-c2eee67bd2b4-768x346.png 768w, https:\/\/www.bbtaltyapi.com\/wp-content\/uploads\/2025\/06\/97c52b9e-eed1-4653-91da-c2eee67bd2b4-1536x692.png 1536w\" sizes=\"auto, (max-width: 1600px) 100vw, 1600px\" \/><\/li>\n            <\/ul>\n        <\/div>\n        \n    <\/div>\n<\/div><\/div>\n\n\n\n<p class=\"has-text-align-center\" style=\"margin-top:var(--wp--preset--spacing--small);margin-bottom:0\">Hatay \u0130li Antakya il\u00e7esinde ger\u00e7ekle\u015ftirdi\u011fimiz bu proje kapsam\u0131nda, kent genelinde yol kenarlar\u0131nda d\u00fczenleme amac\u0131yla <strong>bord\u00fcr uygulamalar\u0131<\/strong> ve mevcut yollar\u0131n daha g\u00fcvenli, estetik ve konforlu hale getirilmesine y\u00f6nelik <strong>\u00fcstyap\u0131 iyile\u015ftirme \u00e7al\u0131\u015fmalar\u0131<\/strong> ger\u00e7ekle\u015ftirilmi\u015ftir. Proje s\u00fcresince; trafik ve yaya g\u00fcvenli\u011fini art\u0131ran bord\u00fcr uygulamalar\u0131n\u0131n yan\u0131 s\u0131ra, yollar\u0131n kullan\u0131m \u00f6mr\u00fcn\u00fc uzatacak \u015fekilde zemin iyile\u015ftirme, asfalt kaplama, kald\u0131r\u0131m ve \u00e7evre d\u00fczenleme i\u015fleri de ba\u015far\u0131yla tamamlanm\u0131\u015ft\u0131r. Bu \u00e7al\u0131\u015fmalarla birlikte, Antakya&#8217;n\u0131n ula\u015f\u0131m altyap\u0131s\u0131na katk\u0131 sa\u011flanm\u0131\u015f ve \u015fehir dokusuna uygun, \u00e7a\u011fda\u015f bir g\u00f6r\u00fcn\u00fcm kazand\u0131r\u0131lm\u0131\u015ft\u0131r.<\/p>\n<\/div>\n<\/div>\n<\/div>\n","protected":false},"excerpt":{"rendered":"<p>Antakya Bord\u00fcr \u0130\u015fi Ve \u00dcstyap\u0131 \u0130\u015fi Hatay \u0130li Antakya il\u00e7esinde ger\u00e7ekle\u015ftirdi\u011fimiz bu proje kapsam\u0131nda, kent genelinde yol kenarlar\u0131nda d\u00fczenleme amac\u0131yla bord\u00fcr uygulamalar\u0131 ve mevcut yollar\u0131n daha g\u00fcvenli, estetik ve konforlu hale getirilmesine y\u00f6nelik \u00fcstyap\u0131 iyile\u015ftirme \u00e7al\u0131\u015fmalar\u0131 ger\u00e7ekle\u015ftirilmi\u015ftir. Proje s\u00fcresince; trafik ve yaya g\u00fcvenli\u011fini art\u0131ran bord\u00fcr uygulamalar\u0131n\u0131n yan\u0131 s\u0131ra, yollar\u0131n kullan\u0131m \u00f6mr\u00fcn\u00fc uzatacak \u015fekilde zemin iyile\u015ftirme, [&hellip;]<\/p>\n","protected":false},"author":1,"featured_media":0,"parent":61,"menu_order":0,"comment_status":"closed","ping_status":"closed","template":"simple-sablon","meta":{"footnotes":""},"class_list":["post-142","page","type-page","status-publish","hentry"],"_links":{"self":[{"href":"https:\/\/www.bbtaltyapi.com\/index.php?rest_route=\/wp\/v2\/pages\/142","targetHints":{"allow":["GET"]}}],"collection":[{"href":"https:\/\/www.bbtaltyapi.com\/index.php?rest_route=\/wp\/v2\/pages"}],"about":[{"href":"https:\/\/www.bbtaltyapi.com\/index.php?rest_route=\/wp\/v2\/types\/page"}],"author":[{"embeddable":true,"href":"https:\/\/www.bbtaltyapi.com\/index.php?rest_route=\/wp\/v2\/users\/1"}],"replies":[{"embeddable":true,"href":"https:\/\/www.bbtaltyapi.com\/index.php?rest_route=%2Fwp%2Fv2%2Fcomments&post=142"}],"version-history":[{"count":3,"href":"https:\/\/www.bbtaltyapi.com\/index.php?rest_route=\/wp\/v2\/pages\/142\/revisions"}],"predecessor-version":[{"id":168,"href":"https:\/\/www.bbtaltyapi.com\/index.php?rest_route=\/wp\/v2\/pages\/142\/revisions\/168"}],"up":[{"embeddable":true,"href":"https:\/\/www.bbtaltyapi.com\/index.php?rest_route=\/wp\/v2\/pages\/61"}],"wp:attachment":[{"href":"https:\/\/www.bbtaltyapi.com\/index.php?rest_route=%2Fwp%2Fv2%2Fmedia&parent=142"}],"curies":[{"name":"wp","href":"https:\/\/api.w.org\/{rel}","templated":true}]}}