{"id":119,"date":"2025-06-13T08:43:25","date_gmt":"2025-06-13T08:43:25","guid":{"rendered":"http:\/\/www.bbtaltyapi.com\/?page_id=119"},"modified":"2025-06-13T08:52:05","modified_gmt":"2025-06-13T08:52:05","slug":"hatay-ili-2-bolge-ilcelerine-bagli-mahallelerinin-icme-suyu-ve-kanalizasyon-yagmur-suyu-hatlari-yapim-isi","status":"publish","type":"page","link":"https:\/\/www.bbtaltyapi.com\/?page_id=119","title":{"rendered":"Hatay \u0130li 2. B\u00f6lge \u0130l\u00e7elerine Ba\u011fl\u0131 Mahallelerinin \u0130\u00e7me Suyu Ve Kanalizasyon &#8211; Ya\u011fmur suyu Hatlar\u0131 Yap\u0131m \u0130\u015fi"},"content":{"rendered":"\n<div class=\"wp-block-columns animated animated-fadeInUp is-layout-flex wp-container-core-columns-is-layout-97d981de wp-block-columns-is-layout-flex\">\n<div class=\"wp-block-column is-layout-flow wp-block-column-is-layout-flow\" style=\"flex-basis:100%\">\n<div class=\"wp-block-group is-vertical is-content-justification-center is-layout-flex wp-container-core-group-is-layout-a8b1cd0a wp-block-group-is-layout-flex\" style=\"border-radius:6px;margin-top:15px;margin-bottom:15px;padding-right:var(--wp--preset--spacing--medium);padding-left:var(--wp--preset--spacing--medium)\">\n<h4 class=\"wp-block-heading has-text-align-center has-vivid-cyan-blue-color has-text-color has-link-color wp-elements-6ceae7a2858b581b3241ef3792da079e\" style=\"padding-top:0;padding-bottom:var(--wp--preset--spacing--large);letter-spacing:-0.02em;line-height:1.2\">Hatay \u0130li 2. B\u00f6lge \u0130l\u00e7elerine Ba\u011fl\u0131 Mahallelerinin \u0130\u00e7me Suyu Ve Kanalizasyon \u2013 Ya\u011fmursuyu Hatlar\u0131 Yap\u0131m \u0130\u015fi<\/h4>\n\n\n\n<div class=\"alignnormal\"><div id=\"metaslider-id-104\" style=\"max-width: 1000px; margin: 0 auto;\" class=\"ml-slider-3-106-0 metaslider metaslider-flex metaslider-104 ml-slider has-dots-nav ms-theme-default-base\" role=\"region\" aria-label=\"hatay-icme-suyu-isi\" data-height=\"500\" data-width=\"1000\">\n    <div id=\"metaslider_container_104\">\n        <div id=\"metaslider_104\">\n            <ul class='slides'>\n                <li style=\"display: block; width: 100%;\" class=\"slide-112 ms-image \" aria-roledescription=\"slide\" data-date=\"2025-06-13 08:29:30\" data-filename=\"86025e0f-848e-4664-b105-245b277b376a.jpg\" data-slide-type=\"image\"><img loading=\"lazy\" decoding=\"async\" width=\"1302\" height=\"1102\" src=\"https:\/\/www.bbtaltyapi.com\/wp-content\/uploads\/2025\/06\/86025e0f-848e-4664-b105-245b277b376a.jpg\" class=\"slider-104 slide-112 msDefaultImage\" alt=\"\" rel=\"\" title=\"86025e0f-848e-4664-b105-245b277b376a\" style=\"margin: 0 auto; width: 59.074410163339%\" srcset=\"https:\/\/www.bbtaltyapi.com\/wp-content\/uploads\/2025\/06\/86025e0f-848e-4664-b105-245b277b376a.jpg 1302w, https:\/\/www.bbtaltyapi.com\/wp-content\/uploads\/2025\/06\/86025e0f-848e-4664-b105-245b277b376a-300x254.jpg 300w, https:\/\/www.bbtaltyapi.com\/wp-content\/uploads\/2025\/06\/86025e0f-848e-4664-b105-245b277b376a-1024x867.jpg 1024w, https:\/\/www.bbtaltyapi.com\/wp-content\/uploads\/2025\/06\/86025e0f-848e-4664-b105-245b277b376a-768x650.jpg 768w\" sizes=\"auto, (max-width: 1302px) 100vw, 1302px\" \/><\/li>\n                <li style=\"display: none; width: 100%;\" class=\"slide-111 ms-image \" aria-roledescription=\"slide\" data-date=\"2025-06-13 08:29:30\" data-filename=\"WhatsApp-Image-2025-06-13-at-02.36.36.jpeg\" data-slide-type=\"image\"><img loading=\"lazy\" decoding=\"async\" width=\"1200\" height=\"1345\" src=\"https:\/\/www.bbtaltyapi.com\/wp-content\/uploads\/2025\/06\/WhatsApp-Image-2025-06-13-at-02.36.36.jpeg\" class=\"slider-104 slide-111 msDefaultImage\" alt=\"\" rel=\"\" title=\"WhatsApp Image 2025-06-13 at 02.36.36\" style=\"margin: 0 auto; width: 44.609665427509%\" srcset=\"https:\/\/www.bbtaltyapi.com\/wp-content\/uploads\/2025\/06\/WhatsApp-Image-2025-06-13-at-02.36.36.jpeg 1200w, https:\/\/www.bbtaltyapi.com\/wp-content\/uploads\/2025\/06\/WhatsApp-Image-2025-06-13-at-02.36.36-268x300.jpeg 268w, https:\/\/www.bbtaltyapi.com\/wp-content\/uploads\/2025\/06\/WhatsApp-Image-2025-06-13-at-02.36.36-914x1024.jpeg 914w, https:\/\/www.bbtaltyapi.com\/wp-content\/uploads\/2025\/06\/WhatsApp-Image-2025-06-13-at-02.36.36-768x861.jpeg 768w\" sizes=\"auto, (max-width: 1200px) 100vw, 1200px\" \/><\/li>\n                <li style=\"display: none; width: 100%;\" class=\"slide-110 ms-image \" aria-roledescription=\"slide\" data-date=\"2025-06-13 08:29:29\" data-filename=\"7382b2dd-ce01-435c-a522-88dfa6ca3c75.png\" data-slide-type=\"image\"><img loading=\"lazy\" decoding=\"async\" width=\"900\" height=\"986\" src=\"https:\/\/www.bbtaltyapi.com\/wp-content\/uploads\/2025\/06\/7382b2dd-ce01-435c-a522-88dfa6ca3c75.png\" class=\"slider-104 slide-110 msDefaultImage\" alt=\"\" rel=\"\" title=\"7382b2dd-ce01-435c-a522-88dfa6ca3c75\" style=\"margin: 0 auto; width: 45.638945233266%\" srcset=\"https:\/\/www.bbtaltyapi.com\/wp-content\/uploads\/2025\/06\/7382b2dd-ce01-435c-a522-88dfa6ca3c75.png 900w, https:\/\/www.bbtaltyapi.com\/wp-content\/uploads\/2025\/06\/7382b2dd-ce01-435c-a522-88dfa6ca3c75-274x300.png 274w, https:\/\/www.bbtaltyapi.com\/wp-content\/uploads\/2025\/06\/7382b2dd-ce01-435c-a522-88dfa6ca3c75-768x841.png 768w\" sizes=\"auto, (max-width: 900px) 100vw, 900px\" \/><\/li>\n                <li style=\"display: none; width: 100%;\" class=\"slide-109 ms-image \" aria-roledescription=\"slide\" data-date=\"2025-06-13 08:29:29\" data-filename=\"601480bb-a81c-42f2-a2b9-b4afaed15198.png\" data-slide-type=\"image\"><img loading=\"lazy\" decoding=\"async\" width=\"1200\" height=\"1150\" src=\"https:\/\/www.bbtaltyapi.com\/wp-content\/uploads\/2025\/06\/601480bb-a81c-42f2-a2b9-b4afaed15198.png\" class=\"slider-104 slide-109 msDefaultImage\" alt=\"\" rel=\"\" title=\"601480bb-a81c-42f2-a2b9-b4afaed15198\" style=\"margin: 0 auto; width: 52.173913043478%\" srcset=\"https:\/\/www.bbtaltyapi.com\/wp-content\/uploads\/2025\/06\/601480bb-a81c-42f2-a2b9-b4afaed15198.png 1200w, https:\/\/www.bbtaltyapi.com\/wp-content\/uploads\/2025\/06\/601480bb-a81c-42f2-a2b9-b4afaed15198-300x288.png 300w, https:\/\/www.bbtaltyapi.com\/wp-content\/uploads\/2025\/06\/601480bb-a81c-42f2-a2b9-b4afaed15198-1024x981.png 1024w, https:\/\/www.bbtaltyapi.com\/wp-content\/uploads\/2025\/06\/601480bb-a81c-42f2-a2b9-b4afaed15198-768x736.png 768w\" sizes=\"auto, (max-width: 1200px) 100vw, 1200px\" \/><\/li>\n                <li style=\"display: none; width: 100%;\" class=\"slide-115 ms-image \" aria-roledescription=\"slide\" data-date=\"2025-06-13 08:31:56\" data-filename=\"08ee7b8e-82d9-4d07-a43c-39634b49933d.png\" data-slide-type=\"image\"><img loading=\"lazy\" decoding=\"async\" width=\"1199\" height=\"1245\" src=\"https:\/\/www.bbtaltyapi.com\/wp-content\/uploads\/2025\/06\/08ee7b8e-82d9-4d07-a43c-39634b49933d.png\" class=\"slider-104 slide-115 msDefaultImage\" alt=\"\" rel=\"\" title=\"08ee7b8e-82d9-4d07-a43c-39634b49933d\" style=\"margin: 0 auto; width: 48.152610441767%\" srcset=\"https:\/\/www.bbtaltyapi.com\/wp-content\/uploads\/2025\/06\/08ee7b8e-82d9-4d07-a43c-39634b49933d.png 1199w, https:\/\/www.bbtaltyapi.com\/wp-content\/uploads\/2025\/06\/08ee7b8e-82d9-4d07-a43c-39634b49933d-289x300.png 289w, https:\/\/www.bbtaltyapi.com\/wp-content\/uploads\/2025\/06\/08ee7b8e-82d9-4d07-a43c-39634b49933d-986x1024.png 986w, https:\/\/www.bbtaltyapi.com\/wp-content\/uploads\/2025\/06\/08ee7b8e-82d9-4d07-a43c-39634b49933d-768x797.png 768w\" sizes=\"auto, (max-width: 1199px) 100vw, 1199px\" \/><\/li>\n            <\/ul>\n        <\/div>\n        \n    <\/div>\n<\/div><\/div>\n\n\n\n<p class=\"has-text-align-center\" style=\"margin-top:var(--wp--preset--spacing--small);margin-bottom:0\">Hatay ilinin Belen, \u0130skenderun, Arsuz, Payas, D\u00f6rtyol ve Erzin il\u00e7elerine ba\u011fl\u0131 mahallelerde ger\u00e7ekle\u015ftirdi\u011fimiz bu proje kapsam\u0131nda, b\u00f6lgenin altyap\u0131 ihtiya\u00e7lar\u0131na kal\u0131c\u0131 ve modern \u00e7\u00f6z\u00fcmler sunulmu\u015ftur. Toplam <strong>66.100 metre i\u00e7me suyu hatt\u0131<\/strong> ile birlikte <strong>22.000 metre uzunlu\u011funda kanalizasyon ve ya\u011fmursuyu boru hatt\u0131<\/strong> d\u00f6\u015fenmi\u015ftir. Ayr\u0131ca <strong>1.930 adet muayene bacas\u0131<\/strong>, <strong>200 metre ya\u011fmursuyu \u0131zgaras\u0131<\/strong>, <strong>6.000 kg sfero d\u00f6k\u00fcm \u0131zgara<\/strong> temini ve montaj\u0131 gibi pek \u00e7ok \u00f6nemli i\u015f kalemi ba\u015far\u0131yla tamamlanm\u0131\u015ft\u0131r.<\/p>\n\n\n\n<p class=\"has-text-align-center\" style=\"margin-top:var(--wp--preset--spacing--small);margin-bottom:0\">Bu \u00e7al\u0131\u015fmalar sayesinde, s\u00f6z konusu b\u00f6lgelerin i\u00e7me suyu eri\u015fimi, at\u0131k su y\u00f6netimi ve ya\u011fmur suyu tahliyesi konular\u0131nda \u00f6nemli iyile\u015ftirmeler sa\u011flanm\u0131\u015ft\u0131r. Proje, \u00e7evreye duyarl\u0131 bir yakla\u015f\u0131mla, teknik \u015fartname ve i\u015f program\u0131na uygun olarak tamamlanm\u0131\u015ft\u0131r.<\/p>\n<\/div>\n<\/div>\n<\/div>\n","protected":false},"excerpt":{"rendered":"<p>Hatay \u0130li 2. B\u00f6lge \u0130l\u00e7elerine Ba\u011fl\u0131 Mahallelerinin \u0130\u00e7me Suyu Ve Kanalizasyon \u2013 Ya\u011fmursuyu Hatlar\u0131 Yap\u0131m \u0130\u015fi Hatay ilinin Belen, \u0130skenderun, Arsuz, Payas, D\u00f6rtyol ve Erzin il\u00e7elerine ba\u011fl\u0131 mahallelerde ger\u00e7ekle\u015ftirdi\u011fimiz bu proje kapsam\u0131nda, b\u00f6lgenin altyap\u0131 ihtiya\u00e7lar\u0131na kal\u0131c\u0131 ve modern \u00e7\u00f6z\u00fcmler sunulmu\u015ftur. Toplam 66.100 metre i\u00e7me suyu hatt\u0131 ile birlikte 22.000 metre uzunlu\u011funda kanalizasyon ve ya\u011fmursuyu boru [&hellip;]<\/p>\n","protected":false},"author":1,"featured_media":0,"parent":61,"menu_order":0,"comment_status":"closed","ping_status":"closed","template":"simple-sablon","meta":{"footnotes":""},"class_list":["post-119","page","type-page","status-publish","hentry"],"_links":{"self":[{"href":"https:\/\/www.bbtaltyapi.com\/index.php?rest_route=\/wp\/v2\/pages\/119","targetHints":{"allow":["GET"]}}],"collection":[{"href":"https:\/\/www.bbtaltyapi.com\/index.php?rest_route=\/wp\/v2\/pages"}],"about":[{"href":"https:\/\/www.bbtaltyapi.com\/index.php?rest_route=\/wp\/v2\/types\/page"}],"author":[{"embeddable":true,"href":"https:\/\/www.bbtaltyapi.com\/index.php?rest_route=\/wp\/v2\/users\/1"}],"replies":[{"embeddable":true,"href":"https:\/\/www.bbtaltyapi.com\/index.php?rest_route=%2Fwp%2Fv2%2Fcomments&post=119"}],"version-history":[{"count":4,"href":"https:\/\/www.bbtaltyapi.com\/index.php?rest_route=\/wp\/v2\/pages\/119\/revisions"}],"predecessor-version":[{"id":132,"href":"https:\/\/www.bbtaltyapi.com\/index.php?rest_route=\/wp\/v2\/pages\/119\/revisions\/132"}],"up":[{"embeddable":true,"href":"https:\/\/www.bbtaltyapi.com\/index.php?rest_route=\/wp\/v2\/pages\/61"}],"wp:attachment":[{"href":"https:\/\/www.bbtaltyapi.com\/index.php?rest_route=%2Fwp%2Fv2%2Fmedia&parent=119"}],"curies":[{"name":"wp","href":"https:\/\/api.w.org\/{rel}","templated":true}]}}