{"id":101,"date":"2025-06-13T08:26:58","date_gmt":"2025-06-13T08:26:58","guid":{"rendered":"http:\/\/www.bbtaltyapi.com\/?page_id=101"},"modified":"2025-06-13T08:56:45","modified_gmt":"2025-06-13T08:56:45","slug":"yozgat-ili-sorgun-ilcesi-delibas-taskin-kontrolu-3-kisim-projesi","status":"publish","type":"page","link":"https:\/\/www.bbtaltyapi.com\/?page_id=101","title":{"rendered":"Yozgat \u0130li Sorgun \u0130l\u00e7esi Deliba\u015f Ta\u015fk\u0131n Kontrol\u00fc 3. K\u0131s\u0131m Projesi"},"content":{"rendered":"\n<div class=\"wp-block-columns animated animated-fadeInUp is-layout-flex wp-container-core-columns-is-layout-59e203da wp-block-columns-is-layout-flex\" style=\"padding-right:0;padding-left:0\">\n<div class=\"wp-block-column is-vertically-aligned-center is-layout-flow wp-container-core-column-is-layout-f016c79b wp-block-column-is-layout-flow\" style=\"padding-top:0;padding-right:0;padding-bottom:0;padding-left:0;flex-basis:100%\">\n<div class=\"wp-block-group is-vertical is-content-justification-center is-layout-flex wp-container-core-group-is-layout-3247a97c wp-block-group-is-layout-flex\" style=\"border-radius:6px;margin-top:15px;margin-bottom:15px\">\n<h4 class=\"wp-block-heading has-text-align-center has-vivid-cyan-blue-color has-text-color has-link-color wp-elements-2d8f235f1572d5e7232c4daa7fdd2d76\" style=\"padding-top:0;padding-bottom:var(--wp--preset--spacing--large);letter-spacing:-0.02em;line-height:1.2\">Yozgat \u0130li Sorgun \u0130l\u00e7esi Deliba\u015f Ta\u015fk\u0131n Kontrol\u00fc 3. K\u0131s\u0131m Projesi<\/h4>\n\n\n\n<div class=\"alignnormal\"><div id=\"metaslider-id-121\" style=\"max-width: 950px; margin: 0 auto;\" class=\"ml-slider-3-106-0 metaslider metaslider-flex metaslider-121 ml-slider has-dots-nav ms-theme-default-base\" role=\"region\" aria-label=\"yozgat-isii\" data-height=\"450\" data-width=\"950\">\n    <div id=\"metaslider_container_121\">\n        <div id=\"metaslider_121\">\n            <ul class='slides'>\n                <li style=\"display: block; width: 100%;\" class=\"slide-122 ms-image \" aria-roledescription=\"slide\" data-date=\"2025-06-13 08:41:05\" data-filename=\"e1dfc8ab-91fe-46f8-88c7-0fbdfc5e3fbd.png\" data-slide-type=\"image\"><img loading=\"lazy\" decoding=\"async\" width=\"1600\" height=\"1018\" src=\"https:\/\/www.bbtaltyapi.com\/wp-content\/uploads\/2025\/06\/e1dfc8ab-91fe-46f8-88c7-0fbdfc5e3fbd.png\" class=\"slider-121 slide-122 msDefaultImage\" alt=\"\" rel=\"\" title=\"e1dfc8ab-91fe-46f8-88c7-0fbdfc5e3fbd\" style=\"margin: 0 auto; width: 74.449384758557%\" srcset=\"https:\/\/www.bbtaltyapi.com\/wp-content\/uploads\/2025\/06\/e1dfc8ab-91fe-46f8-88c7-0fbdfc5e3fbd.png 1600w, https:\/\/www.bbtaltyapi.com\/wp-content\/uploads\/2025\/06\/e1dfc8ab-91fe-46f8-88c7-0fbdfc5e3fbd-300x191.png 300w, https:\/\/www.bbtaltyapi.com\/wp-content\/uploads\/2025\/06\/e1dfc8ab-91fe-46f8-88c7-0fbdfc5e3fbd-1024x652.png 1024w, https:\/\/www.bbtaltyapi.com\/wp-content\/uploads\/2025\/06\/e1dfc8ab-91fe-46f8-88c7-0fbdfc5e3fbd-768x489.png 768w, https:\/\/www.bbtaltyapi.com\/wp-content\/uploads\/2025\/06\/e1dfc8ab-91fe-46f8-88c7-0fbdfc5e3fbd-1536x977.png 1536w\" sizes=\"auto, (max-width: 1600px) 100vw, 1600px\" \/><\/li>\n                <li style=\"display: none; width: 100%;\" class=\"slide-123 ms-image \" aria-roledescription=\"slide\" data-date=\"2025-06-13 08:41:14\" data-filename=\"2cfe6fce-8fd7-44fb-9c85-fa3748ffe4d1.png\" data-slide-type=\"image\"><img loading=\"lazy\" decoding=\"async\" width=\"1200\" height=\"1242\" src=\"https:\/\/www.bbtaltyapi.com\/wp-content\/uploads\/2025\/06\/2cfe6fce-8fd7-44fb-9c85-fa3748ffe4d1.png\" class=\"slider-121 slide-123 msDefaultImage\" alt=\"\" rel=\"\" title=\"2cfe6fce-8fd7-44fb-9c85-fa3748ffe4d1\" style=\"margin: 0 auto; width: 45.766590389016%\" srcset=\"https:\/\/www.bbtaltyapi.com\/wp-content\/uploads\/2025\/06\/2cfe6fce-8fd7-44fb-9c85-fa3748ffe4d1.png 1200w, https:\/\/www.bbtaltyapi.com\/wp-content\/uploads\/2025\/06\/2cfe6fce-8fd7-44fb-9c85-fa3748ffe4d1-290x300.png 290w, https:\/\/www.bbtaltyapi.com\/wp-content\/uploads\/2025\/06\/2cfe6fce-8fd7-44fb-9c85-fa3748ffe4d1-989x1024.png 989w, https:\/\/www.bbtaltyapi.com\/wp-content\/uploads\/2025\/06\/2cfe6fce-8fd7-44fb-9c85-fa3748ffe4d1-768x795.png 768w\" sizes=\"auto, (max-width: 1200px) 100vw, 1200px\" \/><\/li>\n                <li style=\"display: none; width: 100%;\" class=\"slide-125 ms-image \" aria-roledescription=\"slide\" data-date=\"2025-06-13 08:42:00\" data-filename=\"52609606-1318-437a-90c2-5a440abc7735.png\" data-slide-type=\"image\"><img loading=\"lazy\" decoding=\"async\" width=\"1200\" height=\"1318\" src=\"https:\/\/www.bbtaltyapi.com\/wp-content\/uploads\/2025\/06\/52609606-1318-437a-90c2-5a440abc7735.png\" class=\"slider-121 slide-125 msDefaultImage\" alt=\"\" rel=\"\" title=\"52609606-1318-437a-90c2-5a440abc7735\" style=\"margin: 0 auto; width: 43.127545723185%\" srcset=\"https:\/\/www.bbtaltyapi.com\/wp-content\/uploads\/2025\/06\/52609606-1318-437a-90c2-5a440abc7735.png 1200w, https:\/\/www.bbtaltyapi.com\/wp-content\/uploads\/2025\/06\/52609606-1318-437a-90c2-5a440abc7735-273x300.png 273w, https:\/\/www.bbtaltyapi.com\/wp-content\/uploads\/2025\/06\/52609606-1318-437a-90c2-5a440abc7735-932x1024.png 932w, https:\/\/www.bbtaltyapi.com\/wp-content\/uploads\/2025\/06\/52609606-1318-437a-90c2-5a440abc7735-768x844.png 768w\" sizes=\"auto, (max-width: 1200px) 100vw, 1200px\" \/><\/li>\n                <li style=\"display: none; width: 100%;\" class=\"slide-127 ms-image \" aria-roledescription=\"slide\" data-date=\"2025-06-13 08:42:23\" data-filename=\"1359ea50-a098-42b2-8ac1-9d44d291863c.png\" data-slide-type=\"image\"><img loading=\"lazy\" decoding=\"async\" width=\"1200\" height=\"1312\" src=\"https:\/\/www.bbtaltyapi.com\/wp-content\/uploads\/2025\/06\/1359ea50-a098-42b2-8ac1-9d44d291863c.png\" class=\"slider-121 slide-127 msDefaultImage\" alt=\"\" rel=\"\" title=\"1359ea50-a098-42b2-8ac1-9d44d291863c\" style=\"margin: 0 auto; width: 43.324775353017%\" srcset=\"https:\/\/www.bbtaltyapi.com\/wp-content\/uploads\/2025\/06\/1359ea50-a098-42b2-8ac1-9d44d291863c.png 1200w, https:\/\/www.bbtaltyapi.com\/wp-content\/uploads\/2025\/06\/1359ea50-a098-42b2-8ac1-9d44d291863c-274x300.png 274w, https:\/\/www.bbtaltyapi.com\/wp-content\/uploads\/2025\/06\/1359ea50-a098-42b2-8ac1-9d44d291863c-937x1024.png 937w, https:\/\/www.bbtaltyapi.com\/wp-content\/uploads\/2025\/06\/1359ea50-a098-42b2-8ac1-9d44d291863c-768x840.png 768w\" sizes=\"auto, (max-width: 1200px) 100vw, 1200px\" \/><\/li>\n                <li style=\"display: none; width: 100%;\" class=\"slide-129 ms-image \" aria-roledescription=\"slide\" data-date=\"2025-06-13 08:42:50\" data-filename=\"b9f5f1d1-420d-4f2e-83e5-74746c0fad97.png\" data-slide-type=\"image\"><img loading=\"lazy\" decoding=\"async\" width=\"1600\" height=\"970\" src=\"https:\/\/www.bbtaltyapi.com\/wp-content\/uploads\/2025\/06\/b9f5f1d1-420d-4f2e-83e5-74746c0fad97.png\" class=\"slider-121 slide-129 msDefaultImage\" alt=\"\" rel=\"\" title=\"b9f5f1d1-420d-4f2e-83e5-74746c0fad97\" style=\"margin: 0 auto; width: 78.133478024959%\" srcset=\"https:\/\/www.bbtaltyapi.com\/wp-content\/uploads\/2025\/06\/b9f5f1d1-420d-4f2e-83e5-74746c0fad97.png 1600w, https:\/\/www.bbtaltyapi.com\/wp-content\/uploads\/2025\/06\/b9f5f1d1-420d-4f2e-83e5-74746c0fad97-300x182.png 300w, https:\/\/www.bbtaltyapi.com\/wp-content\/uploads\/2025\/06\/b9f5f1d1-420d-4f2e-83e5-74746c0fad97-1024x621.png 1024w, https:\/\/www.bbtaltyapi.com\/wp-content\/uploads\/2025\/06\/b9f5f1d1-420d-4f2e-83e5-74746c0fad97-768x466.png 768w, https:\/\/www.bbtaltyapi.com\/wp-content\/uploads\/2025\/06\/b9f5f1d1-420d-4f2e-83e5-74746c0fad97-1536x931.png 1536w\" sizes=\"auto, (max-width: 1600px) 100vw, 1600px\" \/><\/li>\n            <\/ul>\n        <\/div>\n        \n    <\/div>\n<\/div><\/div>\n\n\n\n<p class=\"has-text-align-center\" style=\"margin-top:var(--wp--preset--spacing--small);margin-right:var(--wp--preset--spacing--xx-small);margin-bottom:0;margin-left:var(--wp--preset--spacing--xx-small)\">Deliba\u015f Deresi g\u00fczergah\u0131nda Km:0+000,00 ile Km:1+623,70 aras\u0131nda toplam <strong>1623,70 metre uzunlu\u011funda \u00e7ift tarafl\u0131 kargir a\u011f\u0131rl\u0131k ta\u015fk\u0131n kontrol duvar\u0131<\/strong> in\u015fa edilmi\u015ftir. Ayr\u0131ca proje kapsam\u0131nda <strong>4 adet menfez<\/strong> yap\u0131s\u0131 tamamlanm\u0131\u015f, dere kenar\u0131na yerle\u015ftirilen ta\u015fk\u0131n kontrol duvarlar\u0131n\u0131n \u00fczerine <strong>pano panel tel \u00e7it<\/strong> uygulamas\u0131 ger\u00e7ekle\u015ftirilmi\u015ftir. Bu yap\u0131lar, ta\u015fk\u0131n riskini minimize ederek b\u00f6lge halk\u0131n\u0131n can ve mal g\u00fcvenli\u011fini art\u0131rmakla birlikte, \u00e7evresel d\u00fczenleme ve altyap\u0131 g\u00fcvenli\u011fi a\u00e7\u0131s\u0131ndan da \u00f6nemli katk\u0131lar sa\u011flam\u0131\u015ft\u0131r. Proje, s\u00f6zle\u015fme \u015fartlar\u0131na ve teknik standartlara uygun \u015fekilde, s\u00fcresinde ve ba\u015far\u0131yla tamamlanm\u0131\u015ft\u0131r.<\/p>\n<\/div>\n<\/div>\n<\/div>\n","protected":false},"excerpt":{"rendered":"<p>Yozgat \u0130li Sorgun \u0130l\u00e7esi Deliba\u015f Ta\u015fk\u0131n Kontrol\u00fc 3. K\u0131s\u0131m Projesi Deliba\u015f Deresi g\u00fczergah\u0131nda Km:0+000,00 ile Km:1+623,70 aras\u0131nda toplam 1623,70 metre uzunlu\u011funda \u00e7ift tarafl\u0131 kargir a\u011f\u0131rl\u0131k ta\u015fk\u0131n kontrol duvar\u0131 in\u015fa edilmi\u015ftir. Ayr\u0131ca proje kapsam\u0131nda 4 adet menfez yap\u0131s\u0131 tamamlanm\u0131\u015f, dere kenar\u0131na yerle\u015ftirilen ta\u015fk\u0131n kontrol duvarlar\u0131n\u0131n \u00fczerine pano panel tel \u00e7it uygulamas\u0131 ger\u00e7ekle\u015ftirilmi\u015ftir. Bu yap\u0131lar, ta\u015fk\u0131n riskini [&hellip;]<\/p>\n","protected":false},"author":1,"featured_media":0,"parent":61,"menu_order":0,"comment_status":"closed","ping_status":"closed","template":"simple-sablon","meta":{"footnotes":""},"class_list":["post-101","page","type-page","status-publish","hentry"],"_links":{"self":[{"href":"https:\/\/www.bbtaltyapi.com\/index.php?rest_route=\/wp\/v2\/pages\/101","targetHints":{"allow":["GET"]}}],"collection":[{"href":"https:\/\/www.bbtaltyapi.com\/index.php?rest_route=\/wp\/v2\/pages"}],"about":[{"href":"https:\/\/www.bbtaltyapi.com\/index.php?rest_route=\/wp\/v2\/types\/page"}],"author":[{"embeddable":true,"href":"https:\/\/www.bbtaltyapi.com\/index.php?rest_route=\/wp\/v2\/users\/1"}],"replies":[{"embeddable":true,"href":"https:\/\/www.bbtaltyapi.com\/index.php?rest_route=%2Fwp%2Fv2%2Fcomments&post=101"}],"version-history":[{"count":12,"href":"https:\/\/www.bbtaltyapi.com\/index.php?rest_route=\/wp\/v2\/pages\/101\/revisions"}],"predecessor-version":[{"id":140,"href":"https:\/\/www.bbtaltyapi.com\/index.php?rest_route=\/wp\/v2\/pages\/101\/revisions\/140"}],"up":[{"embeddable":true,"href":"https:\/\/www.bbtaltyapi.com\/index.php?rest_route=\/wp\/v2\/pages\/61"}],"wp:attachment":[{"href":"https:\/\/www.bbtaltyapi.com\/index.php?rest_route=%2Fwp%2Fv2%2Fmedia&parent=101"}],"curies":[{"name":"wp","href":"https:\/\/api.w.org\/{rel}","templated":true}]}}